{"id":12599,"date":"2017-08-30T10:34:14","date_gmt":"2017-08-30T10:34:14","guid":{"rendered":"http:\/\/leba.eu\/visit\/?page_id=12599"},"modified":"2017-11-03T09:06:56","modified_gmt":"2017-11-03T09:06:56","slug":"lebskie-specjaly","status":"publish","type":"page","link":"http:\/\/leba.eu\/visit\/?page_id=12599","title":{"rendered":"\u0141ebskie specja\u0142y"},"content":{"rendered":"<p><div class=\"fusion-fullwidth fullwidth-box fusion-builder-row-1 nonhundred-percent-fullwidth non-hundred-percent-height-scrolling\" style=\"--awb-border-radius-top-left:0px;--awb-border-radius-top-right:0px;--awb-border-radius-bottom-right:0px;--awb-border-radius-bottom-left:0px;--awb-flex-wrap:wrap;\" ><div class=\"fusion-builder-row fusion-row\"><div class=\"fusion-layout-column fusion_builder_column fusion-builder-column-0 fusion_builder_column_3_4 3_4 fusion-three-fourth fusion-column-first\" style=\"--awb-bg-size:cover;width:75%;width:calc(75% - ( ( 4% ) * 0.75 ) );margin-right: 4%;\"><div class=\"fusion-column-wrapper fusion-flex-column-wrapper-legacy\"><div class=\"fusion-text fusion-text-1\"><h1>\u0141ebska legenda<\/h1>\n<p>&nbsp;<\/p>\n<p class=\"just\">Dawno, dawno temu w ba\u0142tyckiej krainie dw\u00f3ch jezior, s\u0142o\u0144ca i z\u0142otem l\u015bni\u0105cego piasku \u017cy\u0142 tr\u00f3jg\u0142owy, \u0142usk\u0105 twardsz\u0105 od najtwardszych metali pokryty stw\u00f3r, kt\u00f3rego imi\u0119 w\u015br\u00f3d miejscowej wsp\u00f3lnoty wzbudza\u0142o strach i pop\u0142och, a jego okrucie\u0144stwo nie mia\u0142o granic. Jak w\u0142\u00f3czni\u0105, na wskro\u015b swym ognistym wzrokiem przeszywa\u0142 najpi\u0119kniejsze panny i w swych szponach porywa\u0142 je w najg\u0142\u0119bsze czelu\u015bcie Ba\u0142tyku. Najodwa\u017cniejsi rycerze nie dawali mu rady, a wzburzone morze wyrzuca\u0142o po nich tylko zbroje i szpady. Gdy ju\u017c nie by\u0142o \u017cadnego sposobu, udano si\u0119 do najwi\u0119kszego m\u0119drca, mnicha z \u0141ebskiego klasztoru, kt\u00f3ry rzek\u0142 \u201eNie b\u00f3jcie si\u0119 gawiedzi moja, nawarze trunku co uspokoi potwora\u201d &#8230;. \u0141ebskie piwo lekko pasteryzowane.<\/p>\n<p class=\"just\"><strong>\u0141ebskie<\/strong>\u00a0piwo, lekko pasteryzowane tzn. przez jedn\u0105 minut\u0119 w 70 stopniach, zachowuje warto\u015bciowe witaminy i minera\u0142y, a tak\u017ce jest \u017ar\u00f3d\u0142em tak korzystnie na nas dzia\u0142aj\u0105cych przeciwutleniaczy. Doskonale gasi pragnienie. Tradycyjnie warzone, z dodatkiem chmielu, coraz rzadziej wyst\u0119puj\u0105cego w tym szlachetnym trunku, dzi\u0119ki czemu zawdzi\u0119cza ono sw\u00f3j wy\u015bmienity smak. Kr\u00f3tko m\u00f3wi\u0105c zadbali\u015bmy o to aby\u015b poczu\u0142 si\u0119 naprawd\u0119 \u0142ebsko.<\/p>\n<p class=\"just\">W \u0141ebie mi\u0142o\u015bnicy z\u0142ocistego trunku, b\u0119d\u0105 mogli skosztowa\u0107 \u0141EBSKIE piwo lekko pasteryzowane. Prawdziwy smakosz wie co dobre!<\/p>\n<p class=\"just\">\u017ar\u00f3d\u0142o:\u00a0<a href=\"http:\/\/www.leba.pl\/atrakcje\/lebskie-piwo.html\">leba.pl\/atrakcje\/lebskie-piwo.html<\/a><\/p>\n<\/div><div class=\"fusion-clearfix\"><\/div><\/div><\/div><div class=\"fusion-layout-column fusion_builder_column fusion-builder-column-1 fusion_builder_column_1_4 1_4 fusion-one-fourth fusion-column-last\" style=\"--awb-bg-size:cover;width:25%;width:calc(25% - ( ( 4% ) * 0.25 ) );\"><div class=\"fusion-column-wrapper fusion-flex-column-wrapper-legacy\"><div class=\"fusion-text fusion-text-2\"><p><img decoding=\"async\" class=\"alignnone wp-image-12671 size-full\" src=\"http:\/\/leba.eu\/visit\/wp-content\/uploads\/2017\/09\/\u0142ebski.jpg\" alt=\"\" width=\"175\" height=\"525\" \/><\/p>\n<\/div><div class=\"fusion-clearfix\"><\/div><\/div><\/div><\/div><\/div><div class=\"fusion-fullwidth fullwidth-box fusion-builder-row-2 nonhundred-percent-fullwidth non-hundred-percent-height-scrolling\" style=\"--awb-border-radius-top-left:0px;--awb-border-radius-top-right:0px;--awb-border-radius-bottom-right:0px;--awb-border-radius-bottom-left:0px;--awb-flex-wrap:wrap;\" ><div class=\"fusion-builder-row fusion-row\"><div class=\"fusion-layout-column fusion_builder_column fusion-builder-column-2 fusion_builder_column_3_4 3_4 fusion-three-fourth fusion-column-first\" style=\"--awb-bg-size:cover;--awb-margin-bottom:0px;width:74%; margin-right: 4%;\"><div class=\"fusion-column-wrapper fusion-flex-column-wrapper-legacy\"><div class=\"fusion-text fusion-text-3\"><h1>\u015aled\u017a po \u0141ebsku<\/h1>\n<p><strong>&#8222;\u015aled\u017a po \u0141ebsku&#8221;<\/strong> &#8211; sztandarowy produkt naszego lokalnego przedsi\u0119biorcy, firmy Przetw\u00f3rstwo Rybne ASAR, ciesz\u0105cego si\u0119 du\u017cym powodzeniem w\u015br\u00f3d turyst\u00f3w odwiedzaj\u0105cych \u0141eb\u0119, zostanie wpisany do katalogu potraw regionalnych wojew\u00f3dztwa Pomorskiego &#8222;Smaki P\u00f3\u0142nocnych Kaszub&#8221;. Projekt jest wsp\u00f3ln\u0105 inicjatyw\u0105 gmin nadmorskich wchodz\u0105cych w sk\u0142ad stowarzyszenia NORDA &#8222;Gdynia i P\u00f3\u0142nocne Kaszuby&#8221;. Warunkiem koniecznym branym pod uwag\u0119 by\u0142a lokalna, ca\u0142oroczna produkcja oraz rekomendacja wystawiona przez turyst\u00f3w.<\/p>\n<\/div><div class=\"fusion-clearfix\"><\/div><\/div><\/div><div class=\"fusion-layout-column fusion_builder_column fusion-builder-column-3 fusion_builder_column_1_4 1_4 fusion-one-fourth fusion-column-last\" style=\"--awb-bg-size:cover;width:22%;\"><div class=\"fusion-column-wrapper fusion-flex-column-wrapper-legacy\"><div class=\"fusion-text fusion-text-4\"><p><img decoding=\"async\" class=\"wp-image-12796 size-medium alignnone\" src=\"http:\/\/leba.eu\/visit\/wp-content\/uploads\/2017\/09\/\u015bledzik-215x300.jpg\" alt=\"\" width=\"215\" height=\"300\" srcset=\"http:\/\/leba.eu\/visit\/wp-content\/uploads\/2017\/09\/\u015bledzik-200x279.jpg 200w, http:\/\/leba.eu\/visit\/wp-content\/uploads\/2017\/09\/\u015bledzik-215x300.jpg 215w, http:\/\/leba.eu\/visit\/wp-content\/uploads\/2017\/09\/\u015bledzik-400x559.jpg 400w, http:\/\/leba.eu\/visit\/wp-content\/uploads\/2017\/09\/\u015bledzik.jpg 458w\" sizes=\"(max-width: 215px) 100vw, 215px\" \/><\/p>\n<\/div><div class=\"fusion-clearfix\"><\/div><\/div><\/div><\/div><\/div><\/p>\n","protected":false},"excerpt":{"rendered":"","protected":false},"author":1,"featured_media":0,"parent":0,"menu_order":0,"comment_status":"closed","ping_status":"closed","template":"","meta":{"_acf_changed":false,"footnotes":""},"class_list":["post-12599","page","type-page","status-publish","hentry"],"acf":[],"_links":{"self":[{"href":"http:\/\/leba.eu\/visit\/index.php?rest_route=\/wp\/v2\/pages\/12599","targetHints":{"allow":["GET"]}}],"collection":[{"href":"http:\/\/leba.eu\/visit\/index.php?rest_route=\/wp\/v2\/pages"}],"about":[{"href":"http:\/\/leba.eu\/visit\/index.php?rest_route=\/wp\/v2\/types\/page"}],"author":[{"embeddable":true,"href":"http:\/\/leba.eu\/visit\/index.php?rest_route=\/wp\/v2\/users\/1"}],"replies":[{"embeddable":true,"href":"http:\/\/leba.eu\/visit\/index.php?rest_route=%2Fwp%2Fv2%2Fcomments&post=12599"}],"version-history":[{"count":10,"href":"http:\/\/leba.eu\/visit\/index.php?rest_route=\/wp\/v2\/pages\/12599\/revisions"}],"predecessor-version":[{"id":12919,"href":"http:\/\/leba.eu\/visit\/index.php?rest_route=\/wp\/v2\/pages\/12599\/revisions\/12919"}],"wp:attachment":[{"href":"http:\/\/leba.eu\/visit\/index.php?rest_route=%2Fwp%2Fv2%2Fmedia&parent=12599"}],"curies":[{"name":"wp","href":"https:\/\/api.w.org\/{rel}","templated":true}]}}